{"id":260,"date":"2018-09-02T14:33:28","date_gmt":"2018-09-02T12:33:28","guid":{"rendered":"http:\/\/maksimiuk.pl\/?page_id=260"},"modified":"2018-12-14T08:12:29","modified_gmt":"2018-12-14T07:12:29","slug":"biuro-ksiegowe","status":"publish","type":"page","link":"https:\/\/maksimiuk.pl\/?page_id=260","title":{"rendered":"Biuro Rachunkowe"},"content":{"rendered":"\r\n<p align=\"JUSTIFY\"><span style=\"color: #000000;\">Nasze biuro rachunkowe to przede wszystkim zesp\u00f3\u0142 kt\u00f3ry tworz\u0105 pracownicy z d\u0142ugoletnim do\u015bwiadczeniem w dziedzinie ksi\u0119gowo\u015bci i spraw kadrowych, \u015bwietnie zorientowani w dynamicznie zmieniaj\u0105cych si\u0119 przepisach prawnych dotycz\u0105cych podatk\u00f3w i nie tylko. To osoby, kt\u00f3rym nie s\u0105 obce podatkowe kwestie zwi\u0105zane z prowadzeniem dzia\u0142alno\u015bci gospodarczej.<\/span><\/p>\r\n<p align=\"JUSTIFY\"><span style=\"color: #000000;\">Biuro rachunkowe, w kt\u00f3rym mie\u015bci si\u0119 dzia\u0142 ksi\u0119gowy \u015bwiadczy us\u0142ugi zwi\u0105zane m. in. z prowadzeniem rozlicze\u0144 na zasadach Ksi\u0105\u017cki Przychod\u00f3w i Rozchod\u00f3w, Ewidencji Rycza\u0142towych, rozlicze\u0144 z tytu\u0142u podatku VAT. Pracownicy zajmuj\u0105 si\u0119 r\u00f3wnie\u017c sporz\u0105dzaniem i sk\u0142adaniem miesi\u0119cznych i rocznych deklaracji podatkowych, a tak\u017ce \u015bwiadcz\u0105 pomoc w przypadku kontroli podatkowych oraz kontaktuj\u0105 si\u0119 z urz\u0119dami podatkowymi w celu jak najszybszego rozwi\u0105zania problem\u00f3w i zapobiegni\u0119cia wyst\u0105pieniu negatywnych konsekwencji.<\/span><\/p>\r\n<p align=\"JUSTIFY\"><span style=\"color: #000000;\">Dzia\u0142 ksi\u0119gowy opr\u00f3cz us\u0142ug zwi\u0105zanych stricte z ksi\u0119gowo\u015bci\u0105 w przedsi\u0119biorstwie zajmuje si\u0119 r\u00f3wnie\u017c \u015bwiadczeniem us\u0142ug kadrowych zwi\u0105zanych m. in. z zatrudnieniem pracownik\u00f3w oraz prowadzeniem ich akt osobowych. <\/span><\/p>\r\n<p align=\"JUSTIFY\"><span style=\"color: #000000;\">Naszym niezaprzeczalnym atutem jest wieloletnie do\u015bwiadczenie w pracy z firmami o r\u00f3\u017cnych profilach dzia\u0142alno\u015bci &#8211; w\u015br\u00f3d naszych klient\u00f3w znajd\u0105 si\u0119 przedsi\u0119biorstwa produkcyjne, us\u0142ugowe oraz handlowe z terenu wojew\u00f3dztwa podlaskiego.<\/span><\/p>\r\n","protected":false},"excerpt":{"rendered":"<p>Nasze biuro rachunkowe to przede wszystkim zesp\u00f3\u0142 kt\u00f3ry tworz\u0105 pracownicy z d\u0142ugoletnim do\u015bwiadczeniem w dziedzinie ksi\u0119gowo\u015bci i spraw kadrowych, \u015bwietnie zorientowani w dynamicznie zmieniaj\u0105cych si\u0119 przepisach prawnych dotycz\u0105cych podatk\u00f3w i nie tylko. To osoby, kt\u00f3rym nie s\u0105 obce podatkowe kwestie zwi\u0105zane z prowadzeniem dzia\u0142alno\u015bci gospodarczej. Biuro rachunkowe, w kt\u00f3rym mie\u015bci si\u0119 dzia\u0142 ksi\u0119gowy \u015bwiadczy us\u0142ugi<br \/><a class=\"btn btn-theme post-btn\" href=\"https:\/\/maksimiuk.pl\/?page_id=260\">Read More<\/a><\/p>\n","protected":false},"author":1,"featured_media":0,"parent":257,"menu_order":1,"comment_status":"closed","ping_status":"closed","template":"templates\/fullwidth.php","meta":[],"_links":{"self":[{"href":"https:\/\/maksimiuk.pl\/index.php?rest_route=\/wp\/v2\/pages\/260"}],"collection":[{"href":"https:\/\/maksimiuk.pl\/index.php?rest_route=\/wp\/v2\/pages"}],"about":[{"href":"https:\/\/maksimiuk.pl\/index.php?rest_route=\/wp\/v2\/types\/page"}],"author":[{"embeddable":true,"href":"https:\/\/maksimiuk.pl\/index.php?rest_route=\/wp\/v2\/users\/1"}],"replies":[{"embeddable":true,"href":"https:\/\/maksimiuk.pl\/index.php?rest_route=%2Fwp%2Fv2%2Fcomments&post=260"}],"version-history":[{"count":0,"href":"https:\/\/maksimiuk.pl\/index.php?rest_route=\/wp\/v2\/pages\/260\/revisions"}],"up":[{"embeddable":true,"href":"https:\/\/maksimiuk.pl\/index.php?rest_route=\/wp\/v2\/pages\/257"}],"wp:attachment":[{"href":"https:\/\/maksimiuk.pl\/index.php?rest_route=%2Fwp%2Fv2%2Fmedia&parent=260"}],"curies":[{"name":"wp","href":"https:\/\/api.w.org\/{rel}","templated":true}]}}