{"id":284,"date":"2018-09-02T14:58:54","date_gmt":"2018-09-02T12:58:54","guid":{"rendered":"http:\/\/maksimiuk.pl\/?page_id=284"},"modified":"2020-11-15T19:35:49","modified_gmt":"2020-11-15T18:35:49","slug":"uslugi-ksiegowe","status":"publish","type":"page","link":"https:\/\/maksimiuk.pl\/?page_id=284","title":{"rendered":"Us\u0142ugi Ksi\u0119gowe"},"content":{"rendered":"\r\n<p><strong>W ramach dzia\u0142alno\u015bci Biura Rachunkowego \u015bwiadczymy m. in. nast\u0119puj\u0105ce us\u0142ugi:<\/strong><\/p>\r\n\r\n\r\n\r\n<ul><li>Prowadzenie ksi\u0105g rachunkowych zgodnie z ustaw\u0105 o rachunkowo\u015bci<\/li><li>Prowadzenie rozlicze\u0144 na zasadach Ksi\u0105\u017cki Przychod\u00f3w i Rozchod\u00f3w<\/li><li>Prowadzenie rozlicze\u0144 Ewidencji Rycza\u0142towych<\/li><li>Prowadzenie rozlicze\u0144 z tytu\u0142u podatku VAT<\/li><li>Sporz\u0105dzanie i sk\u0142adanie miesi\u0119cznych i rocznych deklaracji podatkowych<\/li><li>Kontakty z urz\u0119dami podatkowymi i pomoc w trakcie kontroli podatkowych<\/li><li>Przygotowywanie sprawozda\u0144 statystycznych GUS<\/li><li>Przygotowywanie sprawozda\u0144 dla Narodowego Banku Polskiego<\/li><li>Rachunki przep\u0142yw\u00f3w pieni\u0119\u017cnych<\/li><li>Bud\u017cety<\/li><li>Analizy centr\u00f3w kosztowych<\/li><li>Rozliczenia op\u0142at za us\u0142ugi<\/li><li>Wnioski kredytowe<\/li><li>Przygotowywanie projekt\u00f3w Zak\u0142adowych Plan\u00f3w Kont<\/li><li>Sporz\u0105dzanie rocznych sprawozda\u0144 finansowych<\/li><li>Prowadzenie ewidencji \u015brodk\u00f3w trwa\u0142ych, warto\u015bci niematerialnych i prawnych oraz wyposa\u017cenia<\/li><li>Doradztwo w zakresie ustanowienia Polityki Rachunkowo\u015bci<\/li><li>Doradztwo w zakresie ustanowienia Systemu Obiegu Dokument\u00f3w<\/li><li>Sprawozdawczo\u015b\u0107 PFRON<\/li><\/ul>\r\n","protected":false},"excerpt":{"rendered":"<p>W ramach dzia\u0142alno\u015bci Biura Rachunkowego \u015bwiadczymy m. in. nast\u0119puj\u0105ce us\u0142ugi: Prowadzenie ksi\u0105g rachunkowych zgodnie z ustaw\u0105 o rachunkowo\u015bci Prowadzenie rozlicze\u0144 na zasadach Ksi\u0105\u017cki Przychod\u00f3w i Rozchod\u00f3w Prowadzenie rozlicze\u0144 Ewidencji Rycza\u0142towych Prowadzenie rozlicze\u0144 z tytu\u0142u podatku VAT Sporz\u0105dzanie i sk\u0142adanie miesi\u0119cznych i rocznych deklaracji podatkowych Kontakty z urz\u0119dami podatkowymi i pomoc w trakcie kontroli podatkowych Przygotowywanie<br \/><a class=\"btn btn-theme post-btn\" href=\"https:\/\/maksimiuk.pl\/?page_id=284\">Read More<\/a><\/p>\n","protected":false},"author":1,"featured_media":0,"parent":65,"menu_order":0,"comment_status":"closed","ping_status":"closed","template":"","meta":[],"_links":{"self":[{"href":"https:\/\/maksimiuk.pl\/index.php?rest_route=\/wp\/v2\/pages\/284"}],"collection":[{"href":"https:\/\/maksimiuk.pl\/index.php?rest_route=\/wp\/v2\/pages"}],"about":[{"href":"https:\/\/maksimiuk.pl\/index.php?rest_route=\/wp\/v2\/types\/page"}],"author":[{"embeddable":true,"href":"https:\/\/maksimiuk.pl\/index.php?rest_route=\/wp\/v2\/users\/1"}],"replies":[{"embeddable":true,"href":"https:\/\/maksimiuk.pl\/index.php?rest_route=%2Fwp%2Fv2%2Fcomments&post=284"}],"version-history":[{"count":0,"href":"https:\/\/maksimiuk.pl\/index.php?rest_route=\/wp\/v2\/pages\/284\/revisions"}],"up":[{"embeddable":true,"href":"https:\/\/maksimiuk.pl\/index.php?rest_route=\/wp\/v2\/pages\/65"}],"wp:attachment":[{"href":"https:\/\/maksimiuk.pl\/index.php?rest_route=%2Fwp%2Fv2%2Fmedia&parent=284"}],"curies":[{"name":"wp","href":"https:\/\/api.w.org\/{rel}","templated":true}]}}