{"id":371,"date":"2021-03-28T23:53:55","date_gmt":"2021-03-28T21:53:55","guid":{"rendered":"https:\/\/maksimiuk.pl\/?page_id=371"},"modified":"2023-11-15T10:39:48","modified_gmt":"2023-11-15T09:39:48","slug":"przetwarzanie-danych-osobowych","status":"publish","type":"page","link":"https:\/\/maksimiuk.pl\/?page_id=371","title":{"rendered":"PRZETWARZANIE DANYCH OSOBOWYCH"},"content":{"rendered":"\n<p><strong>INFORMACJA przekazywana w wykonaniu obowi\u0105zk\u00f3w przewidzianych w Rozporz\u0105dzeniu Parlamentu Europejskiego i Rady (UE) 2016\/679 z dnia 27 kwietnia 2016 r. w sprawie ochrony os\u00f3b fizycznych w zwi\u0105zku z przetwarzaniem danych osobowych i w sprawie swobodnego przep\u0142ywu takich danych oraz uchylenia dyrektywy 95\/46\/WE (dalej jako RODO)<\/strong><\/p>\n\n\n\n<p><strong><u>Przeczytaj, jak przetwarzamy Twoje dane:<\/u><\/strong><\/p>\n\n\n\n<p><strong>To\u017csamo\u015b\u0107 administratora<\/strong><\/p>\n\n\n\n<p>Administratorem danych jest:\u00a0 Waldemar Maksimiuk prowadz\u0105cy dzia\u0142alno\u015b\u0107 gospodarcz\u0105 pod firm\u0105 Ksi\u0119gowi i Prawnicy maksimiuk.pl Waldemar Maksimiuk, ul. Trzcinowa 5, 15-697 Bia\u0142ystok, NIP: 5421086510.<\/p>\n\n\n\n<p><strong>Dane kontaktowe administratora<\/strong><\/p>\n\n\n\n<p>Z administratorem mo\u017cna si\u0119 skontaktowa\u0107 poprzez adres e-mail: kontakt@maksimiuk.pl lub pisemnie na adres siedziby administratora.<strong><\/strong><\/p>\n\n\n\n<p><strong>Dane kontaktowe inspektora ochrony danych osobowych:<\/strong><\/p>\n\n\n\n<p>Administrator nie wyznaczy\u0142 inspektora ochrony danych. <strong><\/strong><\/p>\n\n\n\n<p><strong>Cele przetwarzania i podstawa prawna przetwarzania:<\/strong><\/p>\n\n\n\n<p>Pani \/ Pana dane b\u0119d\u0105 przetwarzane w celu okre\u015blonym w art. 6 ust. 1 pkt b, pkt c i pkt f&nbsp; RODO.<\/p>\n\n\n\n<p>Dane osobowe nie b\u0119d\u0105 wykorzystywane do zautomatyzowanego podejmowania decyzji wzgl\u0119dem Pani\/Pana, w tym do profilowania.<strong><\/strong><\/p>\n\n\n\n<p><strong>Odbiorcy danych lub kategorie odbiorc\u00f3w danych<\/strong><\/p>\n\n\n\n<p>Pani\/Pana dane osobowe mog\u0105 by\u0107 przekazywane osobom lub podmiotom upowa\u017cnionym przez ADO, podmiotom \u015bwiadcz\u0105cym na rzecz ADO us\u0142ugi, w tym us\u0142ugi techniczne i organizacyjne, us\u0142ugi w zakresie prowadzenia poczty elektronicznej, a tak\u017ce innym podmiotom\/osobom\/organom w zakresie i na zasadach okre\u015blonych przepisami prawa.<\/p>\n\n\n\n<p>ADO nie zamierza przekazywa\u0107 danych osobowych do pa\u0144stwa trzeciego\/organizacji mi\u0119dzynarodowej.<strong><\/strong><\/p>\n\n\n\n<p><strong>Okres przechowywania danych<\/strong><\/p>\n\n\n\n<p>Dane b\u0119d\u0105 przetwarzane przez okres niezb\u0119dny dla realizacji cel\u00f3w ich przetwarzania lub dla niekt\u00f3rych kategorii danych \u2013 przez okres wskazany w obowi\u0105zuj\u0105cych przepisach prawa.<strong><\/strong><\/p>\n\n\n\n<p><strong>Prawa podmiot\u00f3w danych<\/strong><\/p>\n\n\n\n<p>Przys\u0142uguje Pani\/Panu prawo \u017c\u0105dania sprostowania tre\u015bci swoich danych osobowych.<\/p>\n\n\n\n<p>W przypadkach okre\u015blonych przepisami prawa, w tym je\u017celi nie narusza to obowi\u0105zku zachowania tajemnicy zawodowej, przys\u0142uguje Pani\/Panu prawo \u017c\u0105dania dost\u0119pu do tre\u015bci swoich danych osobowych, \u017c\u0105dania ograniczenia przetwarzania danych osobowych oraz prawo wniesienia sprzeciwu wobec przetwarzania danych osobowych.<\/p>\n\n\n\n<p>W przypadkach okre\u015blonych przepisami prawa przys\u0142uguje Pani\/Panu prawo \u017c\u0105dania usuni\u0119cia danych osobowych oraz prawo do przeniesienia danych osobowych.<\/p>\n\n\n\n<p>Z uwagi na fakt, \u017ce Pani\/Pana dane osobowe mog\u0105 by\u0107 przetwarzane przez ADO do cel\u00f3w wynikaj\u0105cych z prawnie uzasadnionego interesu ADO, przys\u0142uguje Pani\/Panu prawo do wniesienia sprzeciwu wobec przetwarzania danych osobowych w w\/w celu z przyczyn zwi\u0105zanych z Pani\/Pana szczeg\u00f3ln\u0105 sytuacj\u0105. <strong><\/strong><\/p>\n\n\n\n<p><strong>Prawo wniesienia skargi do organu nadzorczego<\/strong><\/p>\n\n\n\n<p>Przys\u0142uguje Pani\/Panu r\u00f3wnie\u017c prawo wniesienia skargi do organu nadzorczego zajmuj\u0105cego si\u0119 ochron\u0105 danych osobowych w pa\u0144stwie cz\u0142onkowskim Pani \/ Pana zwyk\u0142ego pobytu, miejsca pracy lub miejsca pope\u0142nienia domniemanego naruszenia.<\/p>\n\n\n\n<p>Biuro Prezesa Urz\u0119du Ochrony Danych Osobowych (PUODO)<\/p>\n\n\n\n<p>Adres: Stawki 2, 00-193 Warszawa<\/p>\n\n\n\n<p>Telefon: 22 531 03 00<strong><\/strong><\/p>\n\n\n\n<p><strong>Informacja o dobrowolno\u015bci lub obowi\u0105zku podania danych<\/strong><\/p>\n\n\n\n<p>Podanie danych osobowych jest dobrowolne, ale niezb\u0119dne do \u015bwiadczenia us\u0142ug lub zawarcia, czy realizacji umowy, lub podejmowania dzia\u0142a\u0144 przed zleceniem \u015bwiadczenia us\u0142ug lub zawarciem umowy. W przypadku niepodania danych, \u015bwiadczenie us\u0142ug, zawarcie i realizacja umowy lub podejmowanie dzia\u0142a\u0144 przed \u015bwiadczeniem us\u0142ug lub zawarciem umowy mo\u017ce by\u0107 niemo\u017cliwe lub utrudnione.<\/p>\n","protected":false},"excerpt":{"rendered":"<p>INFORMACJA przekazywana w wykonaniu obowi\u0105zk\u00f3w przewidzianych w Rozporz\u0105dzeniu Parlamentu Europejskiego i Rady (UE) 2016\/679 z dnia 27 kwietnia 2016 r. w sprawie ochrony os\u00f3b fizycznych w zwi\u0105zku z przetwarzaniem danych osobowych i w sprawie swobodnego przep\u0142ywu takich danych oraz uchylenia dyrektywy 95\/46\/WE (dalej jako RODO) Przeczytaj, jak przetwarzamy Twoje dane: To\u017csamo\u015b\u0107 administratora Administratorem danych jest:\u00a0<br \/><a class=\"btn btn-theme post-btn\" href=\"https:\/\/maksimiuk.pl\/?page_id=371\">Read More<\/a><\/p>\n","protected":false},"author":1,"featured_media":0,"parent":0,"menu_order":0,"comment_status":"closed","ping_status":"closed","template":"","meta":[],"_links":{"self":[{"href":"https:\/\/maksimiuk.pl\/index.php?rest_route=\/wp\/v2\/pages\/371"}],"collection":[{"href":"https:\/\/maksimiuk.pl\/index.php?rest_route=\/wp\/v2\/pages"}],"about":[{"href":"https:\/\/maksimiuk.pl\/index.php?rest_route=\/wp\/v2\/types\/page"}],"author":[{"embeddable":true,"href":"https:\/\/maksimiuk.pl\/index.php?rest_route=\/wp\/v2\/users\/1"}],"replies":[{"embeddable":true,"href":"https:\/\/maksimiuk.pl\/index.php?rest_route=%2Fwp%2Fv2%2Fcomments&post=371"}],"version-history":[{"count":2,"href":"https:\/\/maksimiuk.pl\/index.php?rest_route=\/wp\/v2\/pages\/371\/revisions"}],"predecessor-version":[{"id":387,"href":"https:\/\/maksimiuk.pl\/index.php?rest_route=\/wp\/v2\/pages\/371\/revisions\/387"}],"wp:attachment":[{"href":"https:\/\/maksimiuk.pl\/index.php?rest_route=%2Fwp%2Fv2%2Fmedia&parent=371"}],"curies":[{"name":"wp","href":"https:\/\/api.w.org\/{rel}","templated":true}]}}