{"id":62,"date":"2013-11-11T18:03:21","date_gmt":"2013-11-11T17:03:21","guid":{"rendered":"http:\/\/maksimiuk.pl\/?page_id=62"},"modified":"2019-06-09T22:57:54","modified_gmt":"2019-06-09T20:57:54","slug":"o-nas","status":"publish","type":"page","link":"https:\/\/maksimiuk.pl\/","title":{"rendered":"O NAS"},"content":{"rendered":"<h1 style=\"text-align: justify;\">Witamy na stronie biura KSI\u0118GOWI I PRAWNICY!<\/h1>\n<p style=\"text-align: justify;\"><a href=\"http:\/\/maksimiuk.pl\/wp-content\/uploads\/2018\/05\/wmaksimiuk-logo-registered.jpg\"><img loading=\"lazy\" class=\"wp-image-156 alignleft\" src=\"http:\/\/maksimiuk.pl\/wp-content\/uploads\/2018\/05\/wmaksimiuk-logo-registered-160x300.jpg\" alt=\"\" width=\"182\" height=\"343\" \/><\/a><b>Kilka s\u0142\u00f3w o nas<\/b><\/p>\n<p style=\"text-align: justify;\">Biuro rachunkowe funkcjonuje w oparciu o <b>certyfikat ksi\u0119gowy\u00a0<\/b>wydany przez Ministra Finans\u00f3w w roku 2010, uprawniaj\u0105cy do us\u0142ugowego prowadzenia ksi\u0105g rachunkowych. Natomiast w sk\u0142ad pracownik\u00f3w biura prawnego wchodz\u0105 radcowie prawni, aplikanci i absolwenci studi\u00f3w prawniczych.<\/p>\n<p style=\"text-align: justify;\">Nasza dzia\u0142alno\u015b\u0107 obj\u0119ta jest ubezpieczeniem od odpowiedzialno\u015bci cywilnej co potwierdza nasze profesjonalne podej\u015bcie do powierzonych nam tak odpowiedzialnych temat\u00f3w jak finanse podmiot\u00f3w gospodarczych jak i os\u00f3b prywatnych.<\/p>\n<p style=\"text-align: justify;\"><b>Specjalizacja<\/b><\/p>\n<p>Dzi\u0119ki posiadaniu dw\u00f3ch biur &#8211; prawnego i ksi\u0119gowego &#8211; jeste\u015bmy w stanie \u015bwiadczy\u0107 wszechstronne us\u0142ugi na rzecz Naszych Klient\u00f3w.<\/p>\n<p style=\"text-align: justify;\"><b>Indywidualne podej\u015bcie<\/b><\/p>\n<p style=\"text-align: justify;\">W przypadku wi\u0119kszych firm organizujemy samodzielne zespo\u0142y ksi\u0119gowe w sk\u0142ad kt\u00f3rych wchodz\u0105 biegli rewidenci, doradcy podatkowi, prawnicy i inne osoby o wybranej specjalizacji potrzebne do sprawnej obs\u0142ugi przedsi\u0119biorstwa.<\/p>\n<p style=\"text-align: justify;\"><b>Zaufanie<\/b><\/p>\n<p style=\"text-align: justify;\">Najlepsz\u0105 rekomendacj\u0105 i powodem do dumy jest fakt, i\u017c obs\u0142ugiwane przez nas firmy w wi\u0119kszo\u015bci wsp\u00f3\u0142pracuj\u0105 z nami od pocz\u0105tku dzia\u0142ania naszego biura, zwi\u0105zane jest to z faktem i\u017c\u00a0 nasze relacje, z klientami s\u0105 trwa\u0142e i oparte na pe\u0142nym zaufaniu. Zdajemy sobie spraw\u0119 z branej na siebie odpowiedzialno\u015bci i zawsze staramy si\u0119 dzia\u0142a\u0107 w jak najlepszym interesie klienta.<\/p>\n","protected":false},"excerpt":{"rendered":"<p>Witamy na stronie biura KSI\u0118GOWI I PRAWNICY! Kilka s\u0142\u00f3w o nas Biuro rachunkowe funkcjonuje w oparciu o certyfikat ksi\u0119gowy\u00a0wydany przez Ministra Finans\u00f3w w roku 2010, uprawniaj\u0105cy do us\u0142ugowego prowadzenia ksi\u0105g rachunkowych. Natomiast w sk\u0142ad pracownik\u00f3w biura prawnego wchodz\u0105 radcowie prawni, aplikanci i absolwenci studi\u00f3w prawniczych. Nasza dzia\u0142alno\u015b\u0107 obj\u0119ta jest ubezpieczeniem od odpowiedzialno\u015bci cywilnej co potwierdza<br \/><a class=\"btn btn-theme post-btn\" href=\"https:\/\/maksimiuk.pl\/\">Read More<\/a><\/p>\n","protected":false},"author":1,"featured_media":0,"parent":0,"menu_order":0,"comment_status":"closed","ping_status":"closed","template":"","meta":[],"_links":{"self":[{"href":"https:\/\/maksimiuk.pl\/index.php?rest_route=\/wp\/v2\/pages\/62"}],"collection":[{"href":"https:\/\/maksimiuk.pl\/index.php?rest_route=\/wp\/v2\/pages"}],"about":[{"href":"https:\/\/maksimiuk.pl\/index.php?rest_route=\/wp\/v2\/types\/page"}],"author":[{"embeddable":true,"href":"https:\/\/maksimiuk.pl\/index.php?rest_route=\/wp\/v2\/users\/1"}],"replies":[{"embeddable":true,"href":"https:\/\/maksimiuk.pl\/index.php?rest_route=%2Fwp%2Fv2%2Fcomments&post=62"}],"version-history":[{"count":1,"href":"https:\/\/maksimiuk.pl\/index.php?rest_route=\/wp\/v2\/pages\/62\/revisions"}],"predecessor-version":[{"id":388,"href":"https:\/\/maksimiuk.pl\/index.php?rest_route=\/wp\/v2\/pages\/62\/revisions\/388"}],"wp:attachment":[{"href":"https:\/\/maksimiuk.pl\/index.php?rest_route=%2Fwp%2Fv2%2Fmedia&parent=62"}],"curies":[{"name":"wp","href":"https:\/\/api.w.org\/{rel}","templated":true}]}}