{"id":69,"date":"2013-11-11T18:07:01","date_gmt":"2013-11-11T17:07:01","guid":{"rendered":"http:\/\/maksimiuk.pl\/?page_id=69"},"modified":"2018-09-01T21:06:38","modified_gmt":"2018-09-01T19:06:38","slug":"obsluga-krajow-bloku-wschodniego","status":"publish","type":"page","link":"https:\/\/maksimiuk.pl\/?page_id=69","title":{"rendered":"OBS\u0141UGA KRAJ\u00d3W BLOKU WSCHODNIEGO"},"content":{"rendered":"<p><a href=\"http:\/\/maksimiuk.pl\/wp-content\/uploads\/2018\/05\/wmaksimiuk-logo-registered.jpg\"><img loading=\"lazy\" class=\"size-medium wp-image-156 alignright\" src=\"http:\/\/maksimiuk.pl\/wp-content\/uploads\/2018\/05\/wmaksimiuk-logo-registered-160x300.jpg\" alt=\"\" width=\"160\" height=\"300\" srcset=\"https:\/\/maksimiuk.pl\/wp-content\/uploads\/2018\/05\/wmaksimiuk-logo-registered-160x300.jpg 160w, https:\/\/maksimiuk.pl\/wp-content\/uploads\/2018\/05\/wmaksimiuk-logo-registered-768x1437.jpg 768w, https:\/\/maksimiuk.pl\/wp-content\/uploads\/2018\/05\/wmaksimiuk-logo-registered-547x1024.jpg 547w, https:\/\/maksimiuk.pl\/wp-content\/uploads\/2018\/05\/wmaksimiuk-logo-registered-900x1683.jpg 900w, https:\/\/maksimiuk.pl\/wp-content\/uploads\/2018\/05\/wmaksimiuk-logo-registered-924x1728.jpg 924w, https:\/\/maksimiuk.pl\/wp-content\/uploads\/2018\/05\/wmaksimiuk-logo-registered.jpg 1452w\" sizes=\"(max-width: 160px) 100vw, 160px\" \/><\/a>Pracownicy naszego biura doskonale znaj\u0105 j\u0119zyk rosyjski i najwa\u017cniejsze systemy ksi\u0119gowe stosowane w krajach by\u0142ego WNP. Obecnie \u015bwiadczymy us\u0142ugi dla wielu podmiot\u00f3w gospodarczych zza wschodniej granicy. W naszej ofercie znajduje si\u0119 obs\u0142uga firm rosyjskoj\u0119zycznych oraz firm \u015bci\u015ble z nimi wsp\u00f3\u0142pracuj\u0105cymi. Oferujemy pomoc ksi\u0119gow\u0105 i doradcz\u0105 dla firm z Polski planuj\u0105cych lub ju\u017c wsp\u00f3\u0142pracuj\u0105cych z firmami z by\u0142ego bloku wschodniego.<\/p>\n","protected":false},"excerpt":{"rendered":"<p>Pracownicy naszego biura doskonale znaj\u0105 j\u0119zyk rosyjski i najwa\u017cniejsze systemy ksi\u0119gowe stosowane w krajach by\u0142ego WNP. Obecnie \u015bwiadczymy us\u0142ugi dla wielu podmiot\u00f3w gospodarczych zza wschodniej granicy. W naszej ofercie znajduje si\u0119 obs\u0142uga firm rosyjskoj\u0119zycznych oraz firm \u015bci\u015ble z nimi wsp\u00f3\u0142pracuj\u0105cymi. Oferujemy pomoc ksi\u0119gow\u0105 i doradcz\u0105 dla firm z Polski planuj\u0105cych lub ju\u017c wsp\u00f3\u0142pracuj\u0105cych z firmami<br \/><a class=\"btn btn-theme post-btn\" href=\"https:\/\/maksimiuk.pl\/?page_id=69\">Read More<\/a><\/p>\n","protected":false},"author":1,"featured_media":0,"parent":0,"menu_order":0,"comment_status":"closed","ping_status":"closed","template":"","meta":[],"_links":{"self":[{"href":"https:\/\/maksimiuk.pl\/index.php?rest_route=\/wp\/v2\/pages\/69"}],"collection":[{"href":"https:\/\/maksimiuk.pl\/index.php?rest_route=\/wp\/v2\/pages"}],"about":[{"href":"https:\/\/maksimiuk.pl\/index.php?rest_route=\/wp\/v2\/types\/page"}],"author":[{"embeddable":true,"href":"https:\/\/maksimiuk.pl\/index.php?rest_route=\/wp\/v2\/users\/1"}],"replies":[{"embeddable":true,"href":"https:\/\/maksimiuk.pl\/index.php?rest_route=%2Fwp%2Fv2%2Fcomments&post=69"}],"version-history":[{"count":0,"href":"https:\/\/maksimiuk.pl\/index.php?rest_route=\/wp\/v2\/pages\/69\/revisions"}],"wp:attachment":[{"href":"https:\/\/maksimiuk.pl\/index.php?rest_route=%2Fwp%2Fv2%2Fmedia&parent=69"}],"curies":[{"name":"wp","href":"https:\/\/api.w.org\/{rel}","templated":true}]}}