{"id":84,"date":"2013-12-15T19:08:34","date_gmt":"2013-12-15T18:08:34","guid":{"rendered":"http:\/\/maksimiuk.pl\/?page_id=84"},"modified":"2018-09-01T21:07:51","modified_gmt":"2018-09-01T19:07:51","slug":"windykacja","status":"publish","type":"page","link":"https:\/\/maksimiuk.pl\/?page_id=84","title":{"rendered":"WINDYKACJA"},"content":{"rendered":"<p><a href=\"http:\/\/maksimiuk.pl\/wp-content\/uploads\/2018\/05\/wmaksimiuk-logo-registered.jpg\"><img loading=\"lazy\" class=\"size-medium wp-image-156 alignright\" src=\"http:\/\/maksimiuk.pl\/wp-content\/uploads\/2018\/05\/wmaksimiuk-logo-registered-160x300.jpg\" alt=\"\" width=\"160\" height=\"300\" srcset=\"https:\/\/maksimiuk.pl\/wp-content\/uploads\/2018\/05\/wmaksimiuk-logo-registered-160x300.jpg 160w, https:\/\/maksimiuk.pl\/wp-content\/uploads\/2018\/05\/wmaksimiuk-logo-registered-768x1437.jpg 768w, https:\/\/maksimiuk.pl\/wp-content\/uploads\/2018\/05\/wmaksimiuk-logo-registered-547x1024.jpg 547w, https:\/\/maksimiuk.pl\/wp-content\/uploads\/2018\/05\/wmaksimiuk-logo-registered-900x1683.jpg 900w, https:\/\/maksimiuk.pl\/wp-content\/uploads\/2018\/05\/wmaksimiuk-logo-registered-924x1728.jpg 924w, https:\/\/maksimiuk.pl\/wp-content\/uploads\/2018\/05\/wmaksimiuk-logo-registered.jpg 1452w\" sizes=\"(max-width: 160px) 100vw, 160px\" \/><\/a>Nasza kancelaria \u015bwiadczy us\u0142ugi windykacyjne w postaci dochodzenia roszcze\u0144 na ka\u017cdym etapie procesu windykacji, kt\u00f3ry uzale\u017cniony jest od ch\u0119ci wsp\u00f3\u0142pracy ze strony d\u0142u\u017cnika oraz z\u0142o\u017cono\u015bci sprawy. Wsp\u00f3lnie z wierzycielem ustalamy spos\u00f3b odzyskiwania nale\u017cno\u015bci i podejmujemy odpowiednie dzia\u0142ania.<\/p>\n<p>Nasza kancelaria \u015bwiadczy us\u0142ugi na trzech poziomach windykacji:<\/p>\n<ul>\n<li><strong>Windykacja polubowna<\/strong> \u2013 przed s\u0105dowa, polegaj\u0105c\u0105 na monitowaniu d\u0142u\u017cnika, kt\u00f3re ma doprowadzi\u0107 do sp\u0142aty nale\u017cno\u015bci nale\u017c\u0105 do nich w szczeg\u00f3lno\u015bci:\n<ul>\n<li>wywiad gospodarczy \u2013 ustalenie sk\u0142adnik\u00f3w maj\u0105tku d\u0142u\u017cnika, jego powi\u0105za\u0144 kapita\u0142owych d\u0142u\u017cnika oraz prowadzenie negocjacji,<\/li>\n<li>monity (telefoniczne, pisemne) skierowane do d\u0142u\u017cnika,<\/li>\n<li>zawieranie ugody z d\u0142u\u017cnikiem,<\/li>\n<li>kierowanie informacji do Krajowego Rejestru D\u0142ug\u00f3w i Biura Informacji Gospodarczej.<\/li>\n<\/ul>\n<\/li>\n<\/ul>\n<p>Dok\u0142adamy najwi\u0119kszych stara\u0144, by ju\u017c na tym etapie procesu windykacji doprowadzi\u0107 do podpisania z d\u0142u\u017cnikiem ugody lub porozumienia o sp\u0142atach ratalnych, uprzednio uzgodnionych z wierzycielem.<\/p>\n<ul>\n<li><strong>Windykacja s\u0105dowa<\/strong> \u2013 ma zastosowanie w przypadku gdy nast\u0119puje brak ch\u0119ci wsp\u00f3\u0142pracy d\u0142u\u017cnika z windykatorem i sprowadza si\u0119 do:\n<ul>\n<li>analizy dokumentacji obs\u0142ugiwanej wierzytelno\u015bci,<\/li>\n<li>dokonanie wyboru trybu post\u0119powania,<\/li>\n<li>przygotowanie pism procesowych i reprezentacja klient\u00f3w przed s\u0105dem,<\/li>\n<li>uzyskaniem tytu\u0142u egzekucyjnego zaopatrzonego w klauzul\u0119 wykonalno\u015bci,<\/li>\n<li>poszukiwanie maj\u0105tku d\u0142u\u017cnika,<\/li>\n<li>podejmowanie czynno\u015bci windykacyjnych,<\/li>\n<li>aktywne uczestnictwo w czynno\u015bciach egzekucyjnych.<\/li>\n<\/ul>\n<\/li>\n<\/ul>\n<p>Sk\u0142adaj\u0105 si\u0119 na ni\u0105 r\u00f3wnie\u017c wszelkie inne czynno\u015bci podejmowane na drodze przeds\u0105dowej.<\/p>\n<ul>\n<li><strong>Windykacja komornicza<\/strong> \u2013 obejmuje obs\u0142ug\u0119 kontakt\u00f3w z komornikiem w postaci:\n<ul>\n<li>wyboru odpowiedniego komornika s\u0105dowego,<\/li>\n<li>przekazanie egzekucji,<\/li>\n<li>nadz\u00f3r egzekucji,<\/li>\n<li>wnioskowanie o egzekucj\u0119 z konkretnego maj\u0105tku,<\/li>\n<li>wnioskowanie o licytacj\u0119 mienia ruchomego lub nieruchomo\u015bci,<\/li>\n<li>poszukiwanie w drodze wywiadu gospodarczego ukrytego maj\u0105tku d\u0142u\u017cnika odpowiedniego do zaspokojenia roszczenia.<\/li>\n<\/ul>\n<\/li>\n<\/ul>\n<p>Wynagrodzenie kancelarii za windykacj\u0119 nale\u017cno\u015bci stanowi indywidualnie ustalona prowizja uzale\u017cniona od stopnia z\u0142o\u017cono\u015bci sprawy, wielko\u015bci maj\u0105tku jaki w rzeczywisto\u015bci zostanie odzyskany. Dzi\u0119ki takiej umowie z klientem ma on pewno\u015b\u0107, \u017ce nasze dzia\u0142ania s\u0105 nastawione na wysok\u0105 efektywno\u015b\u0107 i skuteczno\u015b\u0107, by wszyscy byli zadowoleni ze wsp\u00f3\u0142pracy.<\/p>\n<p>Skontaktuj si\u0119 z nami a udzielimy profesjonalnej pomocy prawnej i uzyskamy mo\u017cliwie najwy\u017csze odszkodowanie.<\/p>\n","protected":false},"excerpt":{"rendered":"<p>Nasza kancelaria \u015bwiadczy us\u0142ugi windykacyjne w postaci dochodzenia roszcze\u0144 na ka\u017cdym etapie procesu windykacji, kt\u00f3ry uzale\u017cniony jest od ch\u0119ci wsp\u00f3\u0142pracy ze strony d\u0142u\u017cnika oraz z\u0142o\u017cono\u015bci sprawy. Wsp\u00f3lnie z wierzycielem ustalamy spos\u00f3b odzyskiwania nale\u017cno\u015bci i podejmujemy odpowiednie dzia\u0142ania. Nasza kancelaria \u015bwiadczy us\u0142ugi na trzech poziomach windykacji: Windykacja polubowna \u2013 przed s\u0105dowa, polegaj\u0105c\u0105 na monitowaniu d\u0142u\u017cnika, kt\u00f3re<br \/><a class=\"btn btn-theme post-btn\" href=\"https:\/\/maksimiuk.pl\/?page_id=84\">Read More<\/a><\/p>\n","protected":false},"author":1,"featured_media":0,"parent":0,"menu_order":0,"comment_status":"closed","ping_status":"closed","template":"","meta":[],"_links":{"self":[{"href":"https:\/\/maksimiuk.pl\/index.php?rest_route=\/wp\/v2\/pages\/84"}],"collection":[{"href":"https:\/\/maksimiuk.pl\/index.php?rest_route=\/wp\/v2\/pages"}],"about":[{"href":"https:\/\/maksimiuk.pl\/index.php?rest_route=\/wp\/v2\/types\/page"}],"author":[{"embeddable":true,"href":"https:\/\/maksimiuk.pl\/index.php?rest_route=\/wp\/v2\/users\/1"}],"replies":[{"embeddable":true,"href":"https:\/\/maksimiuk.pl\/index.php?rest_route=%2Fwp%2Fv2%2Fcomments&post=84"}],"version-history":[{"count":0,"href":"https:\/\/maksimiuk.pl\/index.php?rest_route=\/wp\/v2\/pages\/84\/revisions"}],"wp:attachment":[{"href":"https:\/\/maksimiuk.pl\/index.php?rest_route=%2Fwp%2Fv2%2Fmedia&parent=84"}],"curies":[{"name":"wp","href":"https:\/\/api.w.org\/{rel}","templated":true}]}}